{"id":20,"date":"2024-10-15T15:35:06","date_gmt":"2024-10-15T13:35:06","guid":{"rendered":"https:\/\/atelierpatisserie.fr\/?page_id=20"},"modified":"2025-06-25T10:00:34","modified_gmt":"2025-06-25T08:00:34","slug":"mentions-legales","status":"publish","type":"page","link":"https:\/\/atelierpatisserie.fr\/index.php\/mentions-legales\/","title":{"rendered":"Mentions legales"},"content":{"rendered":"\t\t<div data-elementor-type=\"wp-page\" data-elementor-id=\"20\" class=\"elementor elementor-20\" data-elementor-post-type=\"page\">\n\t\t\t\t<div class=\"elementor-element elementor-element-9e911e1 e-con-full e-flex e-con e-parent\" data-id=\"9e911e1\" data-element_type=\"container\" data-settings=\"{&quot;background_background&quot;:&quot;classic&quot;,&quot;shape_divider_bottom&quot;:&quot;waves&quot;}\">\n\t\t\t\t<div class=\"elementor-shape elementor-shape-bottom\" data-negative=\"false\">\n\t\t\t<svg xmlns=\"http:\/\/www.w3.org\/2000\/svg\" viewBox=\"0 0 1000 100\" preserveAspectRatio=\"none\">\n\t<path class=\"elementor-shape-fill\" d=\"M421.9,6.5c22.6-2.5,51.5,0.4,75.5,5.3c23.6,4.9,70.9,23.5,100.5,35.7c75.8,32.2,133.7,44.5,192.6,49.7\n\tc23.6,2.1,48.7,3.5,103.4-2.5c54.7-6,106.2-25.6,106.2-25.6V0H0v30.3c0,0,72,32.6,158.4,30.5c39.2-0.7,92.8-6.7,134-22.4\n\tc21.2-8.1,52.2-18.2,79.7-24.2C399.3,7.9,411.6,7.5,421.9,6.5z\"\/>\n<\/svg>\t\t<\/div>\n\t\t<div class=\"elementor-element elementor-element-b6fceb4 e-flex e-con-boxed e-con e-child\" data-id=\"b6fceb4\" data-element_type=\"container\">\n\t\t\t\t\t<div class=\"e-con-inner\">\n\t\t\t\t<div class=\"elementor-element elementor-element-e7424f9 elementor-widget elementor-widget-heading\" data-id=\"e7424f9\" data-element_type=\"widget\" data-widget_type=\"heading.default\">\n\t\t\t\t<div class=\"elementor-widget-container\">\n\t\t\t\t\t<h1 class=\"elementor-heading-title elementor-size-default\">Mentions L\u00e9gales<\/h1>\t\t\t\t<\/div>\n\t\t\t\t<\/div>\n\t\t\t\t<div class=\"elementor-element elementor-element-5e6b421 elementor-icon-list--layout-inline elementor-align-center elementor-list-item-link-full_width elementor-widget elementor-widget-icon-list\" data-id=\"5e6b421\" data-element_type=\"widget\" data-widget_type=\"icon-list.default\">\n\t\t\t\t<div class=\"elementor-widget-container\">\n\t\t\t\t\t\t\t<ul class=\"elementor-icon-list-items elementor-inline-items\">\n\t\t\t\t\t\t\t<li class=\"elementor-icon-list-item elementor-inline-item\">\n\t\t\t\t\t\t\t\t\t\t\t<a href=\"\/index.php\/cgv\">\n\n\t\t\t\t\t\t\t\t\t\t\t<span class=\"elementor-icon-list-text\">CGV<\/span>\n\t\t\t\t\t\t\t\t\t\t\t<\/a>\n\t\t\t\t\t\t\t\t\t<\/li>\n\t\t\t\t\t\t\t\t<li class=\"elementor-icon-list-item elementor-inline-item\">\n\t\t\t\t\t\t\t\t\t\t\t<a href=\"\/index.php\/mentions-legales\">\n\n\t\t\t\t\t\t\t\t\t\t\t\t<span class=\"elementor-icon-list-icon\">\n\t\t\t\t\t\t\t<svg aria-hidden=\"true\" class=\"e-font-icon-svg e-fas-pencil-alt\" viewBox=\"0 0 512 512\" xmlns=\"http:\/\/www.w3.org\/2000\/svg\"><path d=\"M497.9 142.1l-46.1 46.1c-4.7 4.7-12.3 4.7-17 0l-111-111c-4.7-4.7-4.7-12.3 0-17l46.1-46.1c18.7-18.7 49.1-18.7 67.9 0l60.1 60.1c18.8 18.7 18.8 49.1 0 67.9zM284.2 99.8L21.6 362.4.4 483.9c-2.9 16.4 11.4 30.6 27.8 27.8l121.5-21.3 262.6-262.6c4.7-4.7 4.7-12.3 0-17l-111-111c-4.8-4.7-12.4-4.7-17.1 0zM124.1 339.9c-5.5-5.5-5.5-14.3 0-19.8l154-154c5.5-5.5 14.3-5.5 19.8 0s5.5 14.3 0 19.8l-154 154c-5.5 5.5-14.3 5.5-19.8 0zM88 424h48v36.3l-64.5 11.3-31.1-31.1L51.7 376H88v48z\"><\/path><\/svg>\t\t\t\t\t\t<\/span>\n\t\t\t\t\t\t\t\t\t\t<span class=\"elementor-icon-list-text\">Mentions L\u00e9gales<\/span>\n\t\t\t\t\t\t\t\t\t\t\t<\/a>\n\t\t\t\t\t\t\t\t\t<\/li>\n\t\t\t\t\t\t\t\t<li class=\"elementor-icon-list-item elementor-inline-item\">\n\t\t\t\t\t\t\t\t\t\t\t<a href=\"\/index.php\/politique-de-confidentialite\">\n\n\t\t\t\t\t\t\t\t\t\t\t\t<span class=\"elementor-icon-list-icon\">\n\t\t\t\t\t\t\t<svg aria-hidden=\"true\" class=\"e-font-icon-svg e-fas-pencil-alt\" viewBox=\"0 0 512 512\" xmlns=\"http:\/\/www.w3.org\/2000\/svg\"><path d=\"M497.9 142.1l-46.1 46.1c-4.7 4.7-12.3 4.7-17 0l-111-111c-4.7-4.7-4.7-12.3 0-17l46.1-46.1c18.7-18.7 49.1-18.7 67.9 0l60.1 60.1c18.8 18.7 18.8 49.1 0 67.9zM284.2 99.8L21.6 362.4.4 483.9c-2.9 16.4 11.4 30.6 27.8 27.8l121.5-21.3 262.6-262.6c4.7-4.7 4.7-12.3 0-17l-111-111c-4.8-4.7-12.4-4.7-17.1 0zM124.1 339.9c-5.5-5.5-5.5-14.3 0-19.8l154-154c5.5-5.5 14.3-5.5 19.8 0s5.5 14.3 0 19.8l-154 154c-5.5 5.5-14.3 5.5-19.8 0zM88 424h48v36.3l-64.5 11.3-31.1-31.1L51.7 376H88v48z\"><\/path><\/svg>\t\t\t\t\t\t<\/span>\n\t\t\t\t\t\t\t\t\t\t<span class=\"elementor-icon-list-text\">Confidentialit\u00e9s<\/span>\n\t\t\t\t\t\t\t\t\t\t\t<\/a>\n\t\t\t\t\t\t\t\t\t<\/li>\n\t\t\t\t\t\t<\/ul>\n\t\t\t\t\t\t<\/div>\n\t\t\t\t<\/div>\n\t\t\t\t\t<\/div>\n\t\t\t\t<\/div>\n\t\t\t\t<\/div>\n\t\t<div class=\"elementor-element elementor-element-1c7077c8 e-flex e-con-boxed e-con e-parent\" data-id=\"1c7077c8\" data-element_type=\"container\">\n\t\t\t\t\t<div class=\"e-con-inner\">\n\t\t\t\t<div class=\"elementor-element elementor-element-10a034e0 elementor-widget elementor-widget-text-editor\" data-id=\"10a034e0\" data-element_type=\"widget\" data-widget_type=\"text-editor.default\">\n\t\t\t\t<div class=\"elementor-widget-container\"><h2 class=\"wp-block-heading\">1. <strong>Informations l\u00e9gales<\/strong><\/h2><p>Le site https:\/\/atelierpatisserie.fr est \u00e9dit\u00e9 par :<\/p><p>EURL L\u2019ATELIER DES P\u00c2TISSIERS<br \/>Enregistr\u00e9e au RCS Castres 933 338 238 000 19<\/p><p>Si\u00e8ge social : 15 Avenue Victor Hugo 81500 &#8211; LAVAUR<\/p><h3 class=\"wp-block-heading\">R\u00e9alisation et \u00c9dition du site<\/h3><p><strong>Gris Polaire<\/strong><br \/>Site: <a href=\"https:\/\/grispolaire.fr\/\">https:\/\/grispolaire.fr\/<\/a><\/p><h3 class=\"wp-block-heading\">Directeur de la publication<\/h3><p><strong>Nadia JULES<\/strong><br \/>T\u00e9l:\u00a0<a href=\"tel:+33(0) 5 55 34 46 87\">+33(0)6 01 02 12 40<\/a><br \/>Mail: info@atelierpatisserie.fr<\/p><h2 class=\"wp-block-heading\"><strong>2. H\u00e9bergement<\/strong><\/h2><p>Le site est h\u00e9berg\u00e9 par :<br \/>OVH, SAS au capital de 50 000 000 \u20ac<br \/><a href=\"https:\/\/www.ovhcloud.com\/\" target=\"_blank\" rel=\"noreferrer noopener nofollow\">https:\/\/www.ovhcloud.com\/<\/a><br \/>Enregistr\u00e9e au RCS Lille M\u00e9tropole 424 761 419 00045<br \/>Code APE 2620Z<br \/>N\u00b0 TVA : FR 22 424 761 419<br \/>Si\u00e8ge social : 2 rue Kellermann &#8211; 59100 Roubaix &#8211; France<\/p><h2 class=\"wp-block-heading\"><strong>3. Propri\u00e9t\u00e9 intellectuelle<\/strong><\/h2><p>L&rsquo;ensemble de ce site rel\u00e8ve de la l\u00e9gislation fran\u00e7aise et internationale sur le droit d&rsquo;auteur et la propri\u00e9t\u00e9 intellectuelle. Tous les droits de reproduction sont r\u00e9serv\u00e9s, y compris pour les documents t\u00e9l\u00e9chargeables et les repr\u00e9sentations iconographiques et photographiques.<\/p><h2 class=\"wp-block-heading\"><strong>4. Donn\u00e9es personnelles<\/strong><\/h2><p>Conform\u00e9ment \u00e0 la loi \u00ab\u00a0Informatique et Libert\u00e9s\u00a0\u00bb du 6 janvier 1978 modifi\u00e9e, vous disposez d&rsquo;un droit d&rsquo;acc\u00e8s, de modification, de rectification et de suppression des donn\u00e9es vous concernant. Pour exercer ce droit, veuillez nous contacter \u00e0 l&rsquo;adresse suivante : info@atelierpatisserie.fr<\/p><h2 class=\"wp-block-heading\"><strong>5. Cookies<\/strong><\/h2><p>Le site https:\/\/atelierpatisserie.fr utilise des cookies pour am\u00e9liorer l&rsquo;exp\u00e9rience de navigation. Vous pouvez d\u00e9sactiver l&rsquo;utilisation de cookies en modifiant les param\u00e8tres de votre navigateur.<\/p><h2 class=\"wp-block-heading\"><strong>6. Liens hypertextes<\/strong><\/h2><p>Le site https:\/\/atelierpatisserie.fr peut contenir des liens hypertextes vers d&rsquo;autres sites. L\u2019ATELIER DES PATISSIERS n&rsquo;exerce aucun contr\u00f4le sur ces sites et d\u00e9cline toute responsabilit\u00e9 quant \u00e0 leur contenu.<\/p><h2 class=\"wp-block-heading\"><strong>7. Droit applicable et juridiction comp\u00e9tente<\/strong><\/h2><p>Tout litige en relation avec l&rsquo;utilisation du site https:\/\/atelierpatisserie.fr est soumis au droit fran\u00e7ais. Il est fait attribution exclusive de juridiction aux tribunaux comp\u00e9tents du Tarn.<\/p><\/div>\n\t\t\t\t<\/div>\n\t\t\t\t\t<\/div>\n\t\t\t\t<\/div>\t\t<\/div>\n\t\t","protected":false},"excerpt":{"rendered":"<p>Mentions L\u00e9gales CGV Mentions L\u00e9gales Confidentialit\u00e9s 1. Informations l\u00e9gales Le site https:\/\/atelierpatisserie.fr est \u00e9dit\u00e9 par : EURL L\u2019ATELIER DES P\u00c2TISSIERSEnregistr\u00e9e au RCS Castres 933 338 238 000 19 Si\u00e8ge social : 15 Avenue Victor Hugo 81500 &#8211; LAVAUR R\u00e9alisation et \u00c9dition du site Gris PolaireSite: https:\/\/grispolaire.fr\/ Directeur de la publication Nadia JULEST\u00e9l:\u00a0+33(0)6 01 02 12 [&hellip;]<\/p>\n","protected":false},"author":73,"featured_media":0,"parent":0,"menu_order":0,"comment_status":"closed","ping_status":"closed","template":"elementor_header_footer","meta":{"footnotes":""},"class_list":["post-20","page","type-page","status-publish","hentry"],"yoast_head":"<!-- This site is optimized with the Yoast SEO plugin v25.3.1 - https:\/\/yoast.com\/wordpress\/plugins\/seo\/ -->\n<title>Mentions legales - Atelier P\u00e2tisserie<\/title>\n<meta name=\"robots\" content=\"noindex, nofollow\" \/>\n<meta property=\"og:locale\" content=\"fr_FR\" \/>\n<meta property=\"og:type\" content=\"article\" \/>\n<meta property=\"og:title\" content=\"Mentions legales - Atelier P\u00e2tisserie\" \/>\n<meta property=\"og:description\" content=\"Mentions L\u00e9gales CGV Mentions L\u00e9gales Confidentialit\u00e9s 1. Informations l\u00e9gales Le site https:\/\/atelierpatisserie.fr est \u00e9dit\u00e9 par : EURL L\u2019ATELIER DES P\u00c2TISSIERSEnregistr\u00e9e au RCS Castres 933 338 238 000 19 Si\u00e8ge social : 15 Avenue Victor Hugo 81500 &#8211; LAVAUR R\u00e9alisation et \u00c9dition du site Gris PolaireSite: https:\/\/grispolaire.fr\/ Directeur de la publication Nadia JULEST\u00e9l:\u00a0+33(0)6 01 02 12 [&hellip;]\" \/>\n<meta property=\"og:url\" content=\"https:\/\/atelierpatisserie.fr\/index.php\/mentions-legales\/\" \/>\n<meta property=\"og:site_name\" content=\"Atelier P\u00e2tisserie\" \/>\n<meta property=\"article:modified_time\" content=\"2025-06-25T08:00:34+00:00\" \/>\n<meta name=\"twitter:card\" content=\"summary_large_image\" \/>\n<meta name=\"twitter:label1\" content=\"Dur\u00e9e de lecture estim\u00e9e\" \/>\n\t<meta name=\"twitter:data1\" content=\"2 minutes\" \/>\n<script type=\"application\/ld+json\" class=\"yoast-schema-graph\">{\"@context\":\"https:\/\/schema.org\",\"@graph\":[{\"@type\":\"WebPage\",\"@id\":\"https:\/\/atelierpatisserie.fr\/index.php\/mentions-legales\/\",\"url\":\"https:\/\/atelierpatisserie.fr\/index.php\/mentions-legales\/\",\"name\":\"Mentions legales - Atelier P\u00e2tisserie\",\"isPartOf\":{\"@id\":\"https:\/\/atelierpatisserie.fr\/#website\"},\"datePublished\":\"2024-10-15T13:35:06+00:00\",\"dateModified\":\"2025-06-25T08:00:34+00:00\",\"breadcrumb\":{\"@id\":\"https:\/\/atelierpatisserie.fr\/index.php\/mentions-legales\/#breadcrumb\"},\"inLanguage\":\"fr-FR\",\"potentialAction\":[{\"@type\":\"ReadAction\",\"target\":[\"https:\/\/atelierpatisserie.fr\/index.php\/mentions-legales\/\"]}]},{\"@type\":\"BreadcrumbList\",\"@id\":\"https:\/\/atelierpatisserie.fr\/index.php\/mentions-legales\/#breadcrumb\",\"itemListElement\":[{\"@type\":\"ListItem\",\"position\":1,\"name\":\"Accueil\",\"item\":\"https:\/\/atelierpatisserie.fr\/\"},{\"@type\":\"ListItem\",\"position\":2,\"name\":\"Mentions legales\"}]},{\"@type\":\"WebSite\",\"@id\":\"https:\/\/atelierpatisserie.fr\/#website\",\"url\":\"https:\/\/atelierpatisserie.fr\/\",\"name\":\"Atelier P\u00e2tisserie\",\"description\":\"Cours de p\u00e2tisserie \u00e0 Lavaur\",\"publisher\":{\"@id\":\"https:\/\/atelierpatisserie.fr\/#organization\"},\"potentialAction\":[{\"@type\":\"SearchAction\",\"target\":{\"@type\":\"EntryPoint\",\"urlTemplate\":\"https:\/\/atelierpatisserie.fr\/?s={search_term_string}\"},\"query-input\":{\"@type\":\"PropertyValueSpecification\",\"valueRequired\":true,\"valueName\":\"search_term_string\"}}],\"inLanguage\":\"fr-FR\"},{\"@type\":\"Organization\",\"@id\":\"https:\/\/atelierpatisserie.fr\/#organization\",\"name\":\"Atelier P\u00e2tisserie\",\"url\":\"https:\/\/atelierpatisserie.fr\/\",\"logo\":{\"@type\":\"ImageObject\",\"inLanguage\":\"fr-FR\",\"@id\":\"https:\/\/atelierpatisserie.fr\/#\/schema\/logo\/image\/\",\"url\":\"https:\/\/i0.wp.com\/atelierpatisserie.fr\/wp-content\/uploads\/2025\/03\/Design-sans-titre.png?fit=3309%2C1318&ssl=1\",\"contentUrl\":\"https:\/\/i0.wp.com\/atelierpatisserie.fr\/wp-content\/uploads\/2025\/03\/Design-sans-titre.png?fit=3309%2C1318&ssl=1\",\"width\":3309,\"height\":1318,\"caption\":\"Atelier P\u00e2tisserie\"},\"image\":{\"@id\":\"https:\/\/atelierpatisserie.fr\/#\/schema\/logo\/image\/\"}}]}<\/script>\n<!-- \/ Yoast SEO plugin. -->","yoast_head_json":{"title":"Mentions legales - Atelier P\u00e2tisserie","robots":{"index":"noindex","follow":"nofollow"},"og_locale":"fr_FR","og_type":"article","og_title":"Mentions legales - Atelier P\u00e2tisserie","og_description":"Mentions L\u00e9gales CGV Mentions L\u00e9gales Confidentialit\u00e9s 1. Informations l\u00e9gales Le site https:\/\/atelierpatisserie.fr est \u00e9dit\u00e9 par : EURL L\u2019ATELIER DES P\u00c2TISSIERSEnregistr\u00e9e au RCS Castres 933 338 238 000 19 Si\u00e8ge social : 15 Avenue Victor Hugo 81500 &#8211; LAVAUR R\u00e9alisation et \u00c9dition du site Gris PolaireSite: https:\/\/grispolaire.fr\/ Directeur de la publication Nadia JULEST\u00e9l:\u00a0+33(0)6 01 02 12 [&hellip;]","og_url":"https:\/\/atelierpatisserie.fr\/index.php\/mentions-legales\/","og_site_name":"Atelier P\u00e2tisserie","article_modified_time":"2025-06-25T08:00:34+00:00","twitter_card":"summary_large_image","twitter_misc":{"Dur\u00e9e de lecture estim\u00e9e":"2 minutes"},"schema":{"@context":"https:\/\/schema.org","@graph":[{"@type":"WebPage","@id":"https:\/\/atelierpatisserie.fr\/index.php\/mentions-legales\/","url":"https:\/\/atelierpatisserie.fr\/index.php\/mentions-legales\/","name":"Mentions legales - Atelier P\u00e2tisserie","isPartOf":{"@id":"https:\/\/atelierpatisserie.fr\/#website"},"datePublished":"2024-10-15T13:35:06+00:00","dateModified":"2025-06-25T08:00:34+00:00","breadcrumb":{"@id":"https:\/\/atelierpatisserie.fr\/index.php\/mentions-legales\/#breadcrumb"},"inLanguage":"fr-FR","potentialAction":[{"@type":"ReadAction","target":["https:\/\/atelierpatisserie.fr\/index.php\/mentions-legales\/"]}]},{"@type":"BreadcrumbList","@id":"https:\/\/atelierpatisserie.fr\/index.php\/mentions-legales\/#breadcrumb","itemListElement":[{"@type":"ListItem","position":1,"name":"Accueil","item":"https:\/\/atelierpatisserie.fr\/"},{"@type":"ListItem","position":2,"name":"Mentions legales"}]},{"@type":"WebSite","@id":"https:\/\/atelierpatisserie.fr\/#website","url":"https:\/\/atelierpatisserie.fr\/","name":"Atelier P\u00e2tisserie","description":"Cours de p\u00e2tisserie \u00e0 Lavaur","publisher":{"@id":"https:\/\/atelierpatisserie.fr\/#organization"},"potentialAction":[{"@type":"SearchAction","target":{"@type":"EntryPoint","urlTemplate":"https:\/\/atelierpatisserie.fr\/?s={search_term_string}"},"query-input":{"@type":"PropertyValueSpecification","valueRequired":true,"valueName":"search_term_string"}}],"inLanguage":"fr-FR"},{"@type":"Organization","@id":"https:\/\/atelierpatisserie.fr\/#organization","name":"Atelier P\u00e2tisserie","url":"https:\/\/atelierpatisserie.fr\/","logo":{"@type":"ImageObject","inLanguage":"fr-FR","@id":"https:\/\/atelierpatisserie.fr\/#\/schema\/logo\/image\/","url":"https:\/\/i0.wp.com\/atelierpatisserie.fr\/wp-content\/uploads\/2025\/03\/Design-sans-titre.png?fit=3309%2C1318&ssl=1","contentUrl":"https:\/\/i0.wp.com\/atelierpatisserie.fr\/wp-content\/uploads\/2025\/03\/Design-sans-titre.png?fit=3309%2C1318&ssl=1","width":3309,"height":1318,"caption":"Atelier P\u00e2tisserie"},"image":{"@id":"https:\/\/atelierpatisserie.fr\/#\/schema\/logo\/image\/"}}]}},"jetpack_sharing_enabled":true,"_links":{"self":[{"href":"https:\/\/atelierpatisserie.fr\/index.php\/wp-json\/wp\/v2\/pages\/20","targetHints":{"allow":["GET"]}}],"collection":[{"href":"https:\/\/atelierpatisserie.fr\/index.php\/wp-json\/wp\/v2\/pages"}],"about":[{"href":"https:\/\/atelierpatisserie.fr\/index.php\/wp-json\/wp\/v2\/types\/page"}],"author":[{"embeddable":true,"href":"https:\/\/atelierpatisserie.fr\/index.php\/wp-json\/wp\/v2\/users\/73"}],"replies":[{"embeddable":true,"href":"https:\/\/atelierpatisserie.fr\/index.php\/wp-json\/wp\/v2\/comments?post=20"}],"version-history":[{"count":12,"href":"https:\/\/atelierpatisserie.fr\/index.php\/wp-json\/wp\/v2\/pages\/20\/revisions"}],"predecessor-version":[{"id":1442,"href":"https:\/\/atelierpatisserie.fr\/index.php\/wp-json\/wp\/v2\/pages\/20\/revisions\/1442"}],"wp:attachment":[{"href":"https:\/\/atelierpatisserie.fr\/index.php\/wp-json\/wp\/v2\/media?parent=20"}],"curies":[{"name":"wp","href":"https:\/\/api.w.org\/{rel}","templated":true}]}}