{"id":12,"date":"2024-10-15T15:33:45","date_gmt":"2024-10-15T13:33:45","guid":{"rendered":"https:\/\/atelierpatisserie.fr\/?page_id=12"},"modified":"2025-06-25T09:56:44","modified_gmt":"2025-06-25T07:56:44","slug":"agenda","status":"publish","type":"page","link":"https:\/\/atelierpatisserie.fr\/index.php\/agenda\/","title":{"rendered":"Agenda"},"content":{"rendered":"\t\t<div data-elementor-type=\"wp-page\" data-elementor-id=\"12\" class=\"elementor elementor-12\" data-elementor-post-type=\"page\">\n\t\t\t\t<div class=\"elementor-element elementor-element-b59b276 e-con-full e-flex e-con e-parent\" data-id=\"b59b276\" data-element_type=\"container\" data-settings=\"{&quot;background_background&quot;:&quot;classic&quot;,&quot;shape_divider_bottom&quot;:&quot;waves&quot;}\">\n\t\t\t\t<div class=\"elementor-shape elementor-shape-bottom\" data-negative=\"false\">\n\t\t\t<svg xmlns=\"http:\/\/www.w3.org\/2000\/svg\" viewBox=\"0 0 1000 100\" preserveAspectRatio=\"none\">\n\t<path class=\"elementor-shape-fill\" d=\"M421.9,6.5c22.6-2.5,51.5,0.4,75.5,5.3c23.6,4.9,70.9,23.5,100.5,35.7c75.8,32.2,133.7,44.5,192.6,49.7\n\tc23.6,2.1,48.7,3.5,103.4-2.5c54.7-6,106.2-25.6,106.2-25.6V0H0v30.3c0,0,72,32.6,158.4,30.5c39.2-0.7,92.8-6.7,134-22.4\n\tc21.2-8.1,52.2-18.2,79.7-24.2C399.3,7.9,411.6,7.5,421.9,6.5z\"\/>\n<\/svg>\t\t<\/div>\n\t\t<div class=\"elementor-element elementor-element-0f458eb e-flex e-con-boxed e-con e-child\" data-id=\"0f458eb\" data-element_type=\"container\">\n\t\t\t\t\t<div class=\"e-con-inner\">\n\t\t\t\t<div class=\"elementor-element elementor-element-67fcb9b elementor-widget elementor-widget-heading\" data-id=\"67fcb9b\" data-element_type=\"widget\" data-widget_type=\"heading.default\">\n\t\t\t\t<div class=\"elementor-widget-container\">\n\t\t\t\t\t<h1 class=\"elementor-heading-title elementor-size-default\">Agenda<\/h1>\t\t\t\t<\/div>\n\t\t\t\t<\/div>\n\t\t\t\t<div class=\"elementor-element elementor-element-167992f elementor-widget elementor-widget-text-editor\" data-id=\"167992f\" data-element_type=\"widget\" data-widget_type=\"text-editor.default\">\n\t\t\t\t<div class=\"elementor-widget-container\">\n\t\t\t\t\t\t\t\t\t<p>Consultez le planning de nos <strong data-start=\"72\" data-end=\"104\">cours de p\u00e2tisserie \u00e0 Lavaur<\/strong> et r\u00e9servez votre place. Des ateliers pour tous les niveaux, dans une ambiance conviviale et gourmande.<\/p><p><strong data-start=\"209\" data-end=\"244\" data-is-last-node=\"\">Inscrivez-vous d\u00e8s maintenant !<\/strong><\/p>\t\t\t\t\t\t\t\t<\/div>\n\t\t\t\t<\/div>\n\t\t\t\t<div class=\"elementor-element elementor-element-d9935d5 elementor-view-default elementor-widget elementor-widget-icon\" data-id=\"d9935d5\" data-element_type=\"widget\" data-widget_type=\"icon.default\">\n\t\t\t\t<div class=\"elementor-widget-container\">\n\t\t\t\t\t\t\t<div class=\"elementor-icon-wrapper\">\n\t\t\t<a class=\"elementor-icon elementor-animation-grow\" href=\"#agenda\">\n\t\t\t<svg aria-hidden=\"true\" class=\"e-font-icon-svg e-far-arrow-alt-circle-down\" viewBox=\"0 0 512 512\" xmlns=\"http:\/\/www.w3.org\/2000\/svg\"><path d=\"M256 8C119 8 8 119 8 256s111 248 248 248 248-111 248-248S393 8 256 8zm0 448c-110.5 0-200-89.5-200-200S145.5 56 256 56s200 89.5 200 200-89.5 200-200 200zm-32-316v116h-67c-10.7 0-16 12.9-8.5 20.5l99 99c4.7 4.7 12.3 4.7 17 0l99-99c7.6-7.6 2.2-20.5-8.5-20.5h-67V140c0-6.6-5.4-12-12-12h-40c-6.6 0-12 5.4-12 12z\"><\/path><\/svg>\t\t\t<\/a>\n\t\t<\/div>\n\t\t\t\t\t\t<\/div>\n\t\t\t\t<\/div>\n\t\t\t\t\t<\/div>\n\t\t\t\t<\/div>\n\t\t\t\t<\/div>\n\t\t<div class=\"elementor-element elementor-element-5de4c9f e-flex e-con-boxed e-con e-parent\" data-id=\"5de4c9f\" data-element_type=\"container\" id=\"agenda\">\n\t\t\t\t\t<div class=\"e-con-inner\">\n\t\t\t\t<div class=\"elementor-element elementor-element-6fd3a1b elementor-widget elementor-widget-shortcode\" data-id=\"6fd3a1b\" data-element_type=\"widget\" data-widget_type=\"shortcode.default\">\n\t\t\t\t<div class=\"elementor-widget-container\">\n\t\t\t\t\t\t\t<div class=\"elementor-shortcode\"><script>\n  if (typeof hasAmeliaEvent === 'undefined') {\n    var hasAmeliaEvent = true;\n  }\n  if (typeof hasEventApiCall === 'undefined' && ('' === '' || '' === '1')) {\n    var hasEventApiCall = true;\n  }\n  var hasEventShortcode = (typeof hasEventShortcode === 'undefined') ? false : true;\n  var ameliaShortcodeData = (typeof ameliaShortcodeData === 'undefined') ? [] : ameliaShortcodeData;\n  ameliaShortcodeData.push(\n    {\n      'hasApiCall': (typeof hasEventApiCall !== 'undefined') && hasEventApiCall,\n      'trigger': '',\n      'trigger_type': '',\n      'triggered_form': 'ecf',\n      'in_dialog': '',\n      'counter': '1000',\n      'employee': '',\n      'eventId': '',\n      'eventRecurring': 0,\n      'eventTag': \"\",\n      'locationId': \"\"\n    }\n  );\n  var ameliaShortcodeDataTriggered = (typeof ameliaShortcodeDataTriggered === 'undefined') ? [] : ameliaShortcodeDataTriggered;\n  if (ameliaShortcodeData[ameliaShortcodeData.length - 1].trigger !== '') {\n    if (ameliaShortcodeDataTriggered.filter(a => a.counter === ameliaShortcodeData[ameliaShortcodeData.length - 1].counter).length === 0) {\n      ameliaShortcodeDataTriggered.push(ameliaShortcodeData.pop());\n    } else {\n      ameliaShortcodeData.pop()\n    }\n  }\n  if (typeof hasEventApiCall !== 'undefined' && hasEventApiCall) {\n    hasEventApiCall = false;\n  }\n<\/script>\n\n<div\n  id=\"amelia-v2-booking-1000\"\n  class=\"amelia-v2-booking\"\n>\n    <events-calendar-form-wrapper><\/div>\n<\/div>\n\t\t\t\t\t\t<\/div>\n\t\t\t\t<\/div>\n\t\t\t\t\t<\/div>\n\t\t\t\t<\/div>\n\t\t<div class=\"elementor-element elementor-element-b40738a e-con-full e-flex e-con e-parent\" data-id=\"b40738a\" data-element_type=\"container\">\n\t\t<div class=\"elementor-element elementor-element-530beeb e-con-full e-flex e-con e-child\" data-id=\"530beeb\" data-element_type=\"container\">\n\t\t\t\t<div class=\"elementor-element elementor-element-764ac32 elementor-widget elementor-widget-heading\" data-id=\"764ac32\" data-element_type=\"widget\" data-widget_type=\"heading.default\">\n\t\t\t\t<div class=\"elementor-widget-container\">\n\t\t\t\t\t<h2 class=\"elementor-heading-title elementor-size-default\">Nous rencontrer<\/h2>\t\t\t\t<\/div>\n\t\t\t\t<\/div>\n\t\t\t\t<div class=\"elementor-element elementor-element-5b01bef elementor-widget elementor-widget-text-editor\" data-id=\"5b01bef\" data-element_type=\"widget\" data-widget_type=\"text-editor.default\">\n\t\t\t\t<div class=\"elementor-widget-container\">\n\t\t\t\t\t\t\t\t\t<p data-start=\"0\" data-end=\"125\">L\u2019Atelier vous accueille au <strong data-start=\"28\" data-end=\"62\">15 Avenue Victor Hugo \u00e0 Lavaur<\/strong>, dans un espace chaleureux d\u00e9di\u00e9 \u00e0 la p\u00e2tisserie artisanale.<\/p><p data-start=\"127\" data-end=\"409\">Nos cours se d\u00e9roulent en <strong data-start=\"153\" data-end=\"169\">petit comit\u00e9<\/strong>, afin d\u2019offrir une exp\u00e9rience personnalis\u00e9e et interactive. Chaque participant b\u00e9n\u00e9ficie d\u2019un accompagnement attentif, avec le temps et l\u2019espace n\u00e9cessaires pour <strong data-start=\"332\" data-end=\"406\">pratiquer sereinement, poser ses questions et perfectionner ses gestes<\/strong>.<\/p><p data-start=\"411\" data-end=\"613\" data-is-last-node=\"\" data-is-only-node=\"\">Que vous soyez d\u00e9butant ou passionn\u00e9, l\u2019objectif est de vous permettre d\u2019apprendre dans une ambiance conviviale et bienveillante, tout en d\u00e9couvrant les secrets d\u2019une p\u00e2tisserie plus saine et naturelle.<\/p>\t\t\t\t\t\t\t\t<\/div>\n\t\t\t\t<\/div>\n\t\t\t\t<div class=\"elementor-element elementor-element-66d1609 elementor-align-left elementor-tablet-align-center elementor-widget elementor-widget-button\" data-id=\"66d1609\" data-element_type=\"widget\" data-widget_type=\"button.default\">\n\t\t\t\t<div class=\"elementor-widget-container\">\n\t\t\t\t\t\t\t\t\t<div class=\"elementor-button-wrapper\">\n\t\t\t\t\t<a class=\"elementor-button elementor-button-link elementor-size-sm elementor-animation-grow\" href=\"\/index.php\/contact\/\">\n\t\t\t\t\t\t<span class=\"elementor-button-content-wrapper\">\n\t\t\t\t\t\t\t\t\t<span class=\"elementor-button-text\">Nous contacter<\/span>\n\t\t\t\t\t<\/span>\n\t\t\t\t\t<\/a>\n\t\t\t\t<\/div>\n\t\t\t\t\t\t\t\t<\/div>\n\t\t\t\t<\/div>\n\t\t\t\t<\/div>\n\t\t\t\t<div class=\"elementor-element elementor-element-26e4403 elementor-widget elementor-widget-google_maps\" data-id=\"26e4403\" data-element_type=\"widget\" data-widget_type=\"google_maps.default\">\n\t\t\t\t<div class=\"elementor-widget-container\">\n\t\t\t\t\t\t\t<div class=\"elementor-custom-embed\">\n\t\t\t<iframe loading=\"lazy\"\n\t\t\t\t\tsrc=\"https:\/\/maps.google.com\/maps?q=15%20Av.%20Victor%20Hugo%2C%2081500%20Lavaur&#038;t=m&#038;z=15&#038;output=embed&#038;iwloc=near\"\n\t\t\t\t\ttitle=\"15 Av. Victor Hugo, 81500 Lavaur\"\n\t\t\t\t\taria-label=\"15 Av. Victor Hugo, 81500 Lavaur\"\n\t\t\t><\/iframe>\n\t\t<\/div>\n\t\t\t\t\t\t<\/div>\n\t\t\t\t<\/div>\n\t\t\t\t<div class=\"elementor-element elementor-element-fdc86f7 elementor-widget__width-auto elementor-absolute elementor-hidden-mobile elementor-widget elementor-widget-image\" data-id=\"fdc86f7\" data-element_type=\"widget\" data-settings=\"{&quot;_position&quot;:&quot;absolute&quot;}\" data-widget_type=\"image.default\">\n\t\t\t\t<div class=\"elementor-widget-container\">\n\t\t\t\t\t\t\t\t\t\t\t\t\t\t\t<img decoding=\"async\" width=\"147\" height=\"148\" src=\"https:\/\/i0.wp.com\/atelierpatisserie.fr\/wp-content\/uploads\/2025\/03\/round2.png?fit=147%2C148&amp;ssl=1\" class=\"attachment-large size-large wp-image-953\" alt=\"\" srcset=\"https:\/\/i0.wp.com\/atelierpatisserie.fr\/wp-content\/uploads\/2025\/03\/round2.png?w=147&amp;ssl=1 147w, https:\/\/i0.wp.com\/atelierpatisserie.fr\/wp-content\/uploads\/2025\/03\/round2.png?resize=100%2C100&amp;ssl=1 100w\" sizes=\"(max-width: 147px) 100vw, 147px\" \/>\t\t\t\t\t\t\t\t\t\t\t\t\t\t\t<\/div>\n\t\t\t\t<\/div>\n\t\t\t\t<\/div>\n\t\t\t\t<\/div>\n\t\t","protected":false},"excerpt":{"rendered":"<p>Agenda Consultez le planning de nos cours de p\u00e2tisserie \u00e0 Lavaur et r\u00e9servez votre place. Des ateliers pour tous les niveaux, dans une ambiance conviviale et gourmande. Inscrivez-vous d\u00e8s maintenant ! Nous rencontrer L\u2019Atelier vous accueille au 15 Avenue Victor Hugo \u00e0 Lavaur, dans un espace chaleureux d\u00e9di\u00e9 \u00e0 la p\u00e2tisserie artisanale. Nos cours se [&hellip;]<\/p>\n","protected":false},"author":73,"featured_media":504,"parent":0,"menu_order":0,"comment_status":"closed","ping_status":"closed","template":"elementor_header_footer","meta":{"footnotes":""},"class_list":["post-12","page","type-page","status-publish","has-post-thumbnail","hentry"],"yoast_head":"<!-- This site is optimized with the Yoast SEO plugin v25.3.1 - https:\/\/yoast.com\/wordpress\/plugins\/seo\/ -->\n<title>Agenda - Atelier P\u00e2tisserie<\/title>\n<meta name=\"description\" content=\"Consultez l\u2019agenda d\u2019Atelier P\u00e2tisserie \u00e0 Lavaur\u202f: d\u00e9couvrez tous les ateliers gourmands \u00e0 venir pour petits et grands, \u00e0 base d\u2019ingr\u00e9dients locaux.\u202f\" \/>\n<meta name=\"robots\" content=\"index, follow, max-snippet:-1, max-image-preview:large, max-video-preview:-1\" \/>\n<link rel=\"canonical\" href=\"https:\/\/atelierpatisserie.fr\/index.php\/agenda\/\" \/>\n<meta property=\"og:locale\" content=\"fr_FR\" \/>\n<meta property=\"og:type\" content=\"article\" \/>\n<meta property=\"og:title\" content=\"Agenda - Atelier P\u00e2tisserie\" \/>\n<meta property=\"og:description\" content=\"Consultez l\u2019agenda d\u2019Atelier P\u00e2tisserie \u00e0 Lavaur\u202f: d\u00e9couvrez tous les ateliers gourmands \u00e0 venir pour petits et grands, \u00e0 base d\u2019ingr\u00e9dients locaux.\u202f\" \/>\n<meta property=\"og:url\" content=\"https:\/\/atelierpatisserie.fr\/index.php\/agenda\/\" \/>\n<meta property=\"og:site_name\" content=\"Atelier P\u00e2tisserie\" \/>\n<meta property=\"article:modified_time\" content=\"2025-06-25T07:56:44+00:00\" \/>\n<meta property=\"og:image\" content=\"https:\/\/atelierpatisserie.fr\/wp-content\/uploads\/2024\/11\/0031-scaled.jpg\" \/>\n\t<meta property=\"og:image:width\" content=\"1708\" \/>\n\t<meta property=\"og:image:height\" content=\"2560\" \/>\n\t<meta property=\"og:image:type\" content=\"image\/jpeg\" \/>\n<meta name=\"twitter:card\" content=\"summary_large_image\" \/>\n<meta name=\"twitter:label1\" content=\"Dur\u00e9e de lecture estim\u00e9e\" \/>\n\t<meta name=\"twitter:data1\" content=\"2 minutes\" \/>\n<script type=\"application\/ld+json\" class=\"yoast-schema-graph\">{\"@context\":\"https:\/\/schema.org\",\"@graph\":[{\"@type\":\"WebPage\",\"@id\":\"https:\/\/atelierpatisserie.fr\/index.php\/agenda\/\",\"url\":\"https:\/\/atelierpatisserie.fr\/index.php\/agenda\/\",\"name\":\"Agenda - Atelier P\u00e2tisserie\",\"isPartOf\":{\"@id\":\"https:\/\/atelierpatisserie.fr\/#website\"},\"primaryImageOfPage\":{\"@id\":\"https:\/\/atelierpatisserie.fr\/index.php\/agenda\/#primaryimage\"},\"image\":{\"@id\":\"https:\/\/atelierpatisserie.fr\/index.php\/agenda\/#primaryimage\"},\"thumbnailUrl\":\"https:\/\/i0.wp.com\/atelierpatisserie.fr\/wp-content\/uploads\/2024\/11\/0031-scaled.jpg?fit=1708%2C2560&ssl=1\",\"datePublished\":\"2024-10-15T13:33:45+00:00\",\"dateModified\":\"2025-06-25T07:56:44+00:00\",\"description\":\"Consultez l\u2019agenda d\u2019Atelier P\u00e2tisserie \u00e0 Lavaur\u202f: d\u00e9couvrez tous les ateliers gourmands \u00e0 venir pour petits et grands, \u00e0 base d\u2019ingr\u00e9dients locaux.\u202f\",\"breadcrumb\":{\"@id\":\"https:\/\/atelierpatisserie.fr\/index.php\/agenda\/#breadcrumb\"},\"inLanguage\":\"fr-FR\",\"potentialAction\":[{\"@type\":\"ReadAction\",\"target\":[\"https:\/\/atelierpatisserie.fr\/index.php\/agenda\/\"]}]},{\"@type\":\"ImageObject\",\"inLanguage\":\"fr-FR\",\"@id\":\"https:\/\/atelierpatisserie.fr\/index.php\/agenda\/#primaryimage\",\"url\":\"https:\/\/i0.wp.com\/atelierpatisserie.fr\/wp-content\/uploads\/2024\/11\/0031-scaled.jpg?fit=1708%2C2560&ssl=1\",\"contentUrl\":\"https:\/\/i0.wp.com\/atelierpatisserie.fr\/wp-content\/uploads\/2024\/11\/0031-scaled.jpg?fit=1708%2C2560&ssl=1\",\"width\":1708,\"height\":2560},{\"@type\":\"BreadcrumbList\",\"@id\":\"https:\/\/atelierpatisserie.fr\/index.php\/agenda\/#breadcrumb\",\"itemListElement\":[{\"@type\":\"ListItem\",\"position\":1,\"name\":\"Accueil\",\"item\":\"https:\/\/atelierpatisserie.fr\/\"},{\"@type\":\"ListItem\",\"position\":2,\"name\":\"Agenda\"}]},{\"@type\":\"WebSite\",\"@id\":\"https:\/\/atelierpatisserie.fr\/#website\",\"url\":\"https:\/\/atelierpatisserie.fr\/\",\"name\":\"Atelier P\u00e2tisserie\",\"description\":\"Cours de p\u00e2tisserie \u00e0 Lavaur\",\"publisher\":{\"@id\":\"https:\/\/atelierpatisserie.fr\/#organization\"},\"potentialAction\":[{\"@type\":\"SearchAction\",\"target\":{\"@type\":\"EntryPoint\",\"urlTemplate\":\"https:\/\/atelierpatisserie.fr\/?s={search_term_string}\"},\"query-input\":{\"@type\":\"PropertyValueSpecification\",\"valueRequired\":true,\"valueName\":\"search_term_string\"}}],\"inLanguage\":\"fr-FR\"},{\"@type\":\"Organization\",\"@id\":\"https:\/\/atelierpatisserie.fr\/#organization\",\"name\":\"Atelier P\u00e2tisserie\",\"url\":\"https:\/\/atelierpatisserie.fr\/\",\"logo\":{\"@type\":\"ImageObject\",\"inLanguage\":\"fr-FR\",\"@id\":\"https:\/\/atelierpatisserie.fr\/#\/schema\/logo\/image\/\",\"url\":\"https:\/\/i0.wp.com\/atelierpatisserie.fr\/wp-content\/uploads\/2025\/03\/Design-sans-titre.png?fit=3309%2C1318&ssl=1\",\"contentUrl\":\"https:\/\/i0.wp.com\/atelierpatisserie.fr\/wp-content\/uploads\/2025\/03\/Design-sans-titre.png?fit=3309%2C1318&ssl=1\",\"width\":3309,\"height\":1318,\"caption\":\"Atelier P\u00e2tisserie\"},\"image\":{\"@id\":\"https:\/\/atelierpatisserie.fr\/#\/schema\/logo\/image\/\"}}]}<\/script>\n<!-- \/ Yoast SEO plugin. -->","yoast_head_json":{"title":"Agenda - Atelier P\u00e2tisserie","description":"Consultez l\u2019agenda d\u2019Atelier P\u00e2tisserie \u00e0 Lavaur\u202f: d\u00e9couvrez tous les ateliers gourmands \u00e0 venir pour petits et grands, \u00e0 base d\u2019ingr\u00e9dients locaux.\u202f","robots":{"index":"index","follow":"follow","max-snippet":"max-snippet:-1","max-image-preview":"max-image-preview:large","max-video-preview":"max-video-preview:-1"},"canonical":"https:\/\/atelierpatisserie.fr\/index.php\/agenda\/","og_locale":"fr_FR","og_type":"article","og_title":"Agenda - Atelier P\u00e2tisserie","og_description":"Consultez l\u2019agenda d\u2019Atelier P\u00e2tisserie \u00e0 Lavaur\u202f: d\u00e9couvrez tous les ateliers gourmands \u00e0 venir pour petits et grands, \u00e0 base d\u2019ingr\u00e9dients locaux.\u202f","og_url":"https:\/\/atelierpatisserie.fr\/index.php\/agenda\/","og_site_name":"Atelier P\u00e2tisserie","article_modified_time":"2025-06-25T07:56:44+00:00","og_image":[{"width":1708,"height":2560,"url":"https:\/\/atelierpatisserie.fr\/wp-content\/uploads\/2024\/11\/0031-scaled.jpg","type":"image\/jpeg"}],"twitter_card":"summary_large_image","twitter_misc":{"Dur\u00e9e de lecture estim\u00e9e":"2 minutes"},"schema":{"@context":"https:\/\/schema.org","@graph":[{"@type":"WebPage","@id":"https:\/\/atelierpatisserie.fr\/index.php\/agenda\/","url":"https:\/\/atelierpatisserie.fr\/index.php\/agenda\/","name":"Agenda - Atelier P\u00e2tisserie","isPartOf":{"@id":"https:\/\/atelierpatisserie.fr\/#website"},"primaryImageOfPage":{"@id":"https:\/\/atelierpatisserie.fr\/index.php\/agenda\/#primaryimage"},"image":{"@id":"https:\/\/atelierpatisserie.fr\/index.php\/agenda\/#primaryimage"},"thumbnailUrl":"https:\/\/i0.wp.com\/atelierpatisserie.fr\/wp-content\/uploads\/2024\/11\/0031-scaled.jpg?fit=1708%2C2560&ssl=1","datePublished":"2024-10-15T13:33:45+00:00","dateModified":"2025-06-25T07:56:44+00:00","description":"Consultez l\u2019agenda d\u2019Atelier P\u00e2tisserie \u00e0 Lavaur\u202f: d\u00e9couvrez tous les ateliers gourmands \u00e0 venir pour petits et grands, \u00e0 base d\u2019ingr\u00e9dients locaux.\u202f","breadcrumb":{"@id":"https:\/\/atelierpatisserie.fr\/index.php\/agenda\/#breadcrumb"},"inLanguage":"fr-FR","potentialAction":[{"@type":"ReadAction","target":["https:\/\/atelierpatisserie.fr\/index.php\/agenda\/"]}]},{"@type":"ImageObject","inLanguage":"fr-FR","@id":"https:\/\/atelierpatisserie.fr\/index.php\/agenda\/#primaryimage","url":"https:\/\/i0.wp.com\/atelierpatisserie.fr\/wp-content\/uploads\/2024\/11\/0031-scaled.jpg?fit=1708%2C2560&ssl=1","contentUrl":"https:\/\/i0.wp.com\/atelierpatisserie.fr\/wp-content\/uploads\/2024\/11\/0031-scaled.jpg?fit=1708%2C2560&ssl=1","width":1708,"height":2560},{"@type":"BreadcrumbList","@id":"https:\/\/atelierpatisserie.fr\/index.php\/agenda\/#breadcrumb","itemListElement":[{"@type":"ListItem","position":1,"name":"Accueil","item":"https:\/\/atelierpatisserie.fr\/"},{"@type":"ListItem","position":2,"name":"Agenda"}]},{"@type":"WebSite","@id":"https:\/\/atelierpatisserie.fr\/#website","url":"https:\/\/atelierpatisserie.fr\/","name":"Atelier P\u00e2tisserie","description":"Cours de p\u00e2tisserie \u00e0 Lavaur","publisher":{"@id":"https:\/\/atelierpatisserie.fr\/#organization"},"potentialAction":[{"@type":"SearchAction","target":{"@type":"EntryPoint","urlTemplate":"https:\/\/atelierpatisserie.fr\/?s={search_term_string}"},"query-input":{"@type":"PropertyValueSpecification","valueRequired":true,"valueName":"search_term_string"}}],"inLanguage":"fr-FR"},{"@type":"Organization","@id":"https:\/\/atelierpatisserie.fr\/#organization","name":"Atelier P\u00e2tisserie","url":"https:\/\/atelierpatisserie.fr\/","logo":{"@type":"ImageObject","inLanguage":"fr-FR","@id":"https:\/\/atelierpatisserie.fr\/#\/schema\/logo\/image\/","url":"https:\/\/i0.wp.com\/atelierpatisserie.fr\/wp-content\/uploads\/2025\/03\/Design-sans-titre.png?fit=3309%2C1318&ssl=1","contentUrl":"https:\/\/i0.wp.com\/atelierpatisserie.fr\/wp-content\/uploads\/2025\/03\/Design-sans-titre.png?fit=3309%2C1318&ssl=1","width":3309,"height":1318,"caption":"Atelier P\u00e2tisserie"},"image":{"@id":"https:\/\/atelierpatisserie.fr\/#\/schema\/logo\/image\/"}}]}},"jetpack_sharing_enabled":true,"_links":{"self":[{"href":"https:\/\/atelierpatisserie.fr\/index.php\/wp-json\/wp\/v2\/pages\/12","targetHints":{"allow":["GET"]}}],"collection":[{"href":"https:\/\/atelierpatisserie.fr\/index.php\/wp-json\/wp\/v2\/pages"}],"about":[{"href":"https:\/\/atelierpatisserie.fr\/index.php\/wp-json\/wp\/v2\/types\/page"}],"author":[{"embeddable":true,"href":"https:\/\/atelierpatisserie.fr\/index.php\/wp-json\/wp\/v2\/users\/73"}],"replies":[{"embeddable":true,"href":"https:\/\/atelierpatisserie.fr\/index.php\/wp-json\/wp\/v2\/comments?post=12"}],"version-history":[{"count":14,"href":"https:\/\/atelierpatisserie.fr\/index.php\/wp-json\/wp\/v2\/pages\/12\/revisions"}],"predecessor-version":[{"id":1455,"href":"https:\/\/atelierpatisserie.fr\/index.php\/wp-json\/wp\/v2\/pages\/12\/revisions\/1455"}],"wp:featuredmedia":[{"embeddable":true,"href":"https:\/\/atelierpatisserie.fr\/index.php\/wp-json\/wp\/v2\/media\/504"}],"wp:attachment":[{"href":"https:\/\/atelierpatisserie.fr\/index.php\/wp-json\/wp\/v2\/media?parent=12"}],"curies":[{"name":"wp","href":"https:\/\/api.w.org\/{rel}","templated":true}]}}